{"id":10249,"date":"2025-06-26T16:32:13","date_gmt":"2025-06-26T21:32:13","guid":{"rendered":"https:\/\/puertoaventuras.com\/?page_id=10249"},"modified":"2025-07-08T09:23:11","modified_gmt":"2025-07-08T14:23:11","slug":"golf-park","status":"publish","type":"page","link":"https:\/\/puertoaventuras.com\/en\/golf-park\/","title":{"rendered":"Golf Park"},"content":{"rendered":"<!-- Added by Post\/Page Specific Custom Code plugin, thank you for using! -->\n<style>select {\r\n   border-color: #0b205f;\r\nfont-size: 14px;\r\n    border-style: solid;\r\n    display: block;\r\n    width: 100%;\r\n    border-width: 2px;\r\n    padding: 0.57rem 1.4rem;\r\n    background-color: transparent;\r\n    border-radius: 0px !important;\r\n}<\/style>\n\t\t<div data-elementor-type=\"wp-post\" data-elementor-id=\"10249\" class=\"elementor elementor-10249\" data-elementor-settings=\"{&quot;ha_cmc_init_switcher&quot;:&quot;no&quot;}\" data-elementor-post-type=\"page\">\n\t\t\t\t\t\t<section class=\"elementor-section elementor-top-section elementor-element elementor-element-efb68db elementor-section-height-min-height elementor-section-content-middle elementor-section-full_width elementor-section-stretched elementor-section-height-default elementor-section-items-middle\" data-id=\"efb68db\" data-element_type=\"section\" data-e-type=\"section\" data-settings=\"{&quot;background_background&quot;:&quot;classic&quot;,&quot;stretch_section&quot;:&quot;section-stretched&quot;,&quot;_ha_eqh_enable&quot;:false}\">\n\t\t\t\t\t\t\t<div class=\"elementor-background-overlay\"><\/div>\n\t\t\t\t\t\t\t<div class=\"elementor-container elementor-column-gap-default\">\n\t\t\t\t\t<div class=\"elementor-column elementor-col-100 elementor-top-column elementor-element elementor-element-efb25b7\" data-id=\"efb25b7\" data-element_type=\"column\" data-e-type=\"column\">\n\t\t\t<div class=\"elementor-widget-wrap elementor-element-populated\">\n\t\t\t\t\t\t<div class=\"elementor-element elementor-element-1b5f53d logogolfpark elementor-widget elementor-widget-image\" data-id=\"1b5f53d\" data-element_type=\"widget\" data-e-type=\"widget\" data-widget_type=\"image.default\">\n\t\t\t\t<div class=\"elementor-widget-container\">\n\t\t\t\t\t\t\t\t\t\t\t\t\t\t\t<img fetchpriority=\"high\" decoding=\"async\" width=\"1024\" height=\"1024\" src=\"https:\/\/puertoaventuras.com\/wp-content\/uploads\/2025\/06\/logo-golf.png\" class=\"attachment-full size-full wp-image-10251\" alt=\"\" srcset=\"https:\/\/puertoaventuras.com\/wp-content\/uploads\/2025\/06\/logo-golf.png 1024w, https:\/\/puertoaventuras.com\/wp-content\/uploads\/2025\/06\/logo-golf-300x300.png 300w, https:\/\/puertoaventuras.com\/wp-content\/uploads\/2025\/06\/logo-golf-150x150.png 150w, https:\/\/puertoaventuras.com\/wp-content\/uploads\/2025\/06\/logo-golf-768x768.png 768w, https:\/\/puertoaventuras.com\/wp-content\/uploads\/2025\/06\/logo-golf-12x12.png 12w, https:\/\/puertoaventuras.com\/wp-content\/uploads\/2025\/06\/elementor\/thumbs\/logo-golf-r7w825q9bu6ahyc00jvh0e6mun75vvg7kf6njy3svg.png 190w\" sizes=\"(max-width: 1024px) 100vw, 1024px\" \/>\t\t\t\t\t\t\t\t\t\t\t\t\t\t\t<\/div>\n\t\t\t\t<\/div>\n\t\t\t\t<div class=\"elementor-element elementor-element-40a1eb1 elementor-widget elementor-widget-heading\" data-id=\"40a1eb1\" data-element_type=\"widget\" data-e-type=\"widget\" data-widget_type=\"heading.default\">\n\t\t\t\t<div class=\"elementor-widget-container\">\n\t\t\t\t\t<h1 class=\"elementor-heading-title elementor-size-default\">- Golf Puerto Aventuras -<\/h1>\t\t\t\t<\/div>\n\t\t\t\t<\/div>\n\t\t\t\t<div class=\"elementor-element elementor-element-17b4b99 elementor-widget elementor-widget-heading\" data-id=\"17b4b99\" data-element_type=\"widget\" data-e-type=\"widget\" data-widget_type=\"heading.default\">\n\t\t\t\t<div class=\"elementor-widget-container\">\n\t\t\t\t\t<h2 class=\"elementor-heading-title elementor-size-default\">\u00a1The fun side of the game!<\/h2>\t\t\t\t<\/div>\n\t\t\t\t<\/div>\n\t\t\t\t\t<\/div>\n\t\t<\/div>\n\t\t\t\t\t<\/div>\n\t\t<\/section>\n\t\t\t\t<section class=\"elementor-section elementor-top-section elementor-element elementor-element-2c7931c elementor-section-boxed elementor-section-height-default elementor-section-height-default\" data-id=\"2c7931c\" data-element_type=\"section\" data-e-type=\"section\" data-settings=\"{&quot;_ha_eqh_enable&quot;:false}\">\n\t\t\t\t\t\t<div class=\"elementor-container elementor-column-gap-default\">\n\t\t\t\t\t<div class=\"elementor-column elementor-col-100 elementor-top-column elementor-element elementor-element-44f1e61\" data-id=\"44f1e61\" data-element_type=\"column\" data-e-type=\"column\">\n\t\t\t<div class=\"elementor-widget-wrap elementor-element-populated\">\n\t\t\t\t\t\t<div class=\"elementor-element elementor-element-f9f4668 elementor-widget elementor-widget-text-editor\" data-id=\"f9f4668\" data-element_type=\"widget\" data-e-type=\"widget\" data-widget_type=\"text-editor.default\">\n\t\t\t\t<div class=\"elementor-widget-container\">\n\t\t\t\t\t\t\t\t\t<p>Located within the exclusive residential community of Puerto Aventuras, Golf Park offers a fresh, relaxed way to enjoy the game of golf. Whether you're a beginner, practicing your skills, or simply looking for outdoor fun, this is the place for you.<\/p><p>Enjoy a laid-back atmosphere with something for everyone:<\/p><p><strong>FootGolf<\/strong>: combina f\u00fatbol y golf en un recorrido entretenido para todas las edades.<br \/><strong>Campo de pr\u00e1ctica<\/strong>: mejora tu swing o inicia en el golf con total libertad.<br \/><strong>Pitch &amp; Putt<\/strong>: ideal para jugar partidas r\u00e1pidas y divertidas.<\/p><p>Despu\u00e9s del juego, rel\u00e1jate en nuestro snack bar <strong>Hoyo 19<\/strong>, perfecto para compartir con amigos o en familia. Golf Park Puerto Aventuras es mucho m\u00e1s que un campo&#8230; es una experiencia para todos.<\/p><p><strong>Open: 7 am - 10 pm<\/strong><\/p>\t\t\t\t\t\t\t\t<\/div>\n\t\t\t\t<\/div>\n\t\t\t\t\t<\/div>\n\t\t<\/div>\n\t\t\t\t\t<\/div>\n\t\t<\/section>\n\t\t\t\t<section class=\"elementor-section elementor-top-section elementor-element elementor-element-544ebb2 elementor-section-full_width elementor-section-content-middle elementor-section-height-default elementor-section-height-default\" data-id=\"544ebb2\" data-element_type=\"section\" data-e-type=\"section\" data-settings=\"{&quot;_ha_eqh_enable&quot;:false}\">\n\t\t\t\t\t\t<div class=\"elementor-container elementor-column-gap-default\">\n\t\t\t\t\t<div class=\"elementor-column elementor-col-25 elementor-top-column elementor-element elementor-element-6643810\" data-id=\"6643810\" data-element_type=\"column\" data-e-type=\"column\">\n\t\t\t<div class=\"elementor-widget-wrap elementor-element-populated\">\n\t\t\t\t\t\t<div class=\"elementor-element elementor-element-14f7f23 elementor-widget elementor-widget-heading\" data-id=\"14f7f23\" data-element_type=\"widget\" data-e-type=\"widget\" data-widget_type=\"heading.default\">\n\t\t\t\t<div class=\"elementor-widget-container\">\n\t\t\t\t\t<h2 class=\"elementor-heading-title elementor-size-default\">foot golf<\/h2>\t\t\t\t<\/div>\n\t\t\t\t<\/div>\n\t\t\t\t<div class=\"elementor-element elementor-element-bb31ed3 fotogolfjun elementor-widget elementor-widget-image\" data-id=\"bb31ed3\" data-element_type=\"widget\" data-e-type=\"widget\" data-widget_type=\"image.default\">\n\t\t\t\t<div class=\"elementor-widget-container\">\n\t\t\t\t\t\t\t\t\t\t\t\t\t\t\t\t<a href=\"https:\/\/puertoaventuras.com\/en\/foot-golf\/\">\n\t\t\t\t\t\t\t<img decoding=\"async\" src=\"https:\/\/puertoaventuras.com\/wp-content\/uploads\/2025\/06\/footgolx.jpeg\" title=\"footgolx\" alt=\"footgolx\" loading=\"lazy\" \/>\t\t\t\t\t\t\t\t<\/a>\n\t\t\t\t\t\t\t\t\t\t\t\t\t\t\t<\/div>\n\t\t\t\t<\/div>\n\t\t\t\t<div class=\"elementor-element elementor-element-3420512 habtn elementor-widget elementor-widget-button\" data-id=\"3420512\" data-element_type=\"widget\" data-e-type=\"widget\" data-widget_type=\"button.default\">\n\t\t\t\t<div class=\"elementor-widget-container\">\n\t\t\t\t\t\t\t\t\t<div class=\"elementor-button-wrapper\">\n\t\t\t\t\t<a class=\"elementor-button elementor-button-link elementor-size-sm\" href=\"https:\/\/puertoaventuras.com\/en\/foot-golf\/\" id=\"foot1\">\n\t\t\t\t\t\t<span class=\"elementor-button-content-wrapper\">\n\t\t\t\t\t\t\t\t\t<span class=\"elementor-button-text\">Discover more here<\/span>\n\t\t\t\t\t<\/span>\n\t\t\t\t\t<\/a>\n\t\t\t\t<\/div>\n\t\t\t\t\t\t\t\t<\/div>\n\t\t\t\t<\/div>\n\t\t\t\t\t<\/div>\n\t\t<\/div>\n\t\t\t\t<div class=\"elementor-column elementor-col-25 elementor-top-column elementor-element elementor-element-5890fc6\" data-id=\"5890fc6\" data-element_type=\"column\" data-e-type=\"column\">\n\t\t\t<div class=\"elementor-widget-wrap elementor-element-populated\">\n\t\t\t\t\t\t<div class=\"elementor-element elementor-element-5cb7d73 elementor-widget elementor-widget-heading\" data-id=\"5cb7d73\" data-element_type=\"widget\" data-e-type=\"widget\" data-widget_type=\"heading.default\">\n\t\t\t\t<div class=\"elementor-widget-container\">\n\t\t\t\t\t<h2 class=\"elementor-heading-title elementor-size-default\">Driving Range<\/h2>\t\t\t\t<\/div>\n\t\t\t\t<\/div>\n\t\t\t\t<div class=\"elementor-element elementor-element-bdb677d fotogolfjun elementor-widget elementor-widget-image\" data-id=\"bdb677d\" data-element_type=\"widget\" data-e-type=\"widget\" data-widget_type=\"image.default\">\n\t\t\t\t<div class=\"elementor-widget-container\">\n\t\t\t\t\t\t\t\t\t\t\t\t\t\t\t<img decoding=\"async\" width=\"682\" height=\"1024\" src=\"https:\/\/puertoaventuras.com\/wp-content\/uploads\/2024\/09\/campop-682x1024.jpeg\" class=\"attachment-large size-large wp-image-8281\" alt=\"\" srcset=\"https:\/\/puertoaventuras.com\/wp-content\/uploads\/2024\/09\/campop-682x1024.jpeg 682w, https:\/\/puertoaventuras.com\/wp-content\/uploads\/2024\/09\/campop-200x300.jpeg 200w, https:\/\/puertoaventuras.com\/wp-content\/uploads\/2024\/09\/campop-768x1153.jpeg 768w, https:\/\/puertoaventuras.com\/wp-content\/uploads\/2024\/09\/campop-1023x1536.jpeg 1023w, https:\/\/puertoaventuras.com\/wp-content\/uploads\/2024\/09\/campop-8x12.jpeg 8w, https:\/\/puertoaventuras.com\/wp-content\/uploads\/2024\/09\/campop.jpeg 1066w\" sizes=\"(max-width: 682px) 100vw, 682px\" \/>\t\t\t\t\t\t\t\t\t\t\t\t\t\t\t<\/div>\n\t\t\t\t<\/div>\n\t\t\t\t<div class=\"elementor-element elementor-element-48c0dfd habtn elementor-widget elementor-widget-button\" data-id=\"48c0dfd\" data-element_type=\"widget\" data-e-type=\"widget\" data-widget_type=\"button.default\">\n\t\t\t\t<div class=\"elementor-widget-container\">\n\t\t\t\t\t\t\t\t\t<div class=\"elementor-button-wrapper\">\n\t\t\t\t\t<a class=\"elementor-button elementor-button-link elementor-size-sm\" href=\"https:\/\/puertoaventuras.com\/en\/campo-de-practica-2\/\">\n\t\t\t\t\t\t<span class=\"elementor-button-content-wrapper\">\n\t\t\t\t\t\t\t\t\t<span class=\"elementor-button-text\">Discover more here<\/span>\n\t\t\t\t\t<\/span>\n\t\t\t\t\t<\/a>\n\t\t\t\t<\/div>\n\t\t\t\t\t\t\t\t<\/div>\n\t\t\t\t<\/div>\n\t\t\t\t\t<\/div>\n\t\t<\/div>\n\t\t\t\t<div class=\"elementor-column elementor-col-25 elementor-top-column elementor-element elementor-element-b34f9ca\" data-id=\"b34f9ca\" data-element_type=\"column\" data-e-type=\"column\">\n\t\t\t<div class=\"elementor-widget-wrap elementor-element-populated\">\n\t\t\t\t\t\t<div class=\"elementor-element elementor-element-9a17bc8 elementor-widget elementor-widget-heading\" data-id=\"9a17bc8\" data-element_type=\"widget\" data-e-type=\"widget\" data-widget_type=\"heading.default\">\n\t\t\t\t<div class=\"elementor-widget-container\">\n\t\t\t\t\t<h2 class=\"elementor-heading-title elementor-size-default\">Pitch and putt<\/h2>\t\t\t\t<\/div>\n\t\t\t\t<\/div>\n\t\t\t\t<div class=\"elementor-element elementor-element-6a90897 fotogolfjun elementor-widget elementor-widget-image\" data-id=\"6a90897\" data-element_type=\"widget\" data-e-type=\"widget\" data-widget_type=\"image.default\">\n\t\t\t\t<div class=\"elementor-widget-container\">\n\t\t\t\t\t\t\t\t\t\t\t\t\t\t\t<img decoding=\"async\" src=\"https:\/\/puertoaventuras.com\/wp-content\/uploads\/2024\/09\/par3.jpeg\" title=\"\" alt=\"\" loading=\"lazy\" \/>\t\t\t\t\t\t\t\t\t\t\t\t\t\t\t<\/div>\n\t\t\t\t<\/div>\n\t\t\t\t<div class=\"elementor-element elementor-element-39fc872 habtn elementor-widget elementor-widget-button\" data-id=\"39fc872\" data-element_type=\"widget\" data-e-type=\"widget\" data-widget_type=\"button.default\">\n\t\t\t\t<div class=\"elementor-widget-container\">\n\t\t\t\t\t\t\t\t\t<div class=\"elementor-button-wrapper\">\n\t\t\t\t\t<a class=\"elementor-button elementor-button-link elementor-size-sm\" href=\"https:\/\/puertoaventuras.com\/en\/pitch-and-putt\/\">\n\t\t\t\t\t\t<span class=\"elementor-button-content-wrapper\">\n\t\t\t\t\t\t\t\t\t<span class=\"elementor-button-text\">Discover more here<\/span>\n\t\t\t\t\t<\/span>\n\t\t\t\t\t<\/a>\n\t\t\t\t<\/div>\n\t\t\t\t\t\t\t\t<\/div>\n\t\t\t\t<\/div>\n\t\t\t\t\t<\/div>\n\t\t<\/div>\n\t\t\t\t<div class=\"elementor-column elementor-col-25 elementor-top-column elementor-element elementor-element-2eda778\" data-id=\"2eda778\" data-element_type=\"column\" data-e-type=\"column\">\n\t\t\t<div class=\"elementor-widget-wrap elementor-element-populated\">\n\t\t\t\t\t\t<div class=\"elementor-element elementor-element-46cb2a8 elementor-widget elementor-widget-heading\" data-id=\"46cb2a8\" data-element_type=\"widget\" data-e-type=\"widget\" data-widget_type=\"heading.default\">\n\t\t\t\t<div class=\"elementor-widget-container\">\n\t\t\t\t\t<h2 class=\"elementor-heading-title elementor-size-default\">Hoyo 19<\/h2>\t\t\t\t<\/div>\n\t\t\t\t<\/div>\n\t\t\t\t<div class=\"elementor-element elementor-element-6c9b660 fotogolfjun elementor-widget elementor-widget-image\" data-id=\"6c9b660\" data-element_type=\"widget\" data-e-type=\"widget\" data-widget_type=\"image.default\">\n\t\t\t\t<div class=\"elementor-widget-container\">\n\t\t\t\t\t\t\t\t\t\t\t\t\t\t\t<img decoding=\"async\" width=\"768\" height=\"1024\" src=\"https:\/\/puertoaventuras.com\/wp-content\/uploads\/2025\/06\/hoyo19-768x1024.jpeg\" class=\"attachment-large size-large wp-image-10418\" alt=\"\" srcset=\"https:\/\/puertoaventuras.com\/wp-content\/uploads\/2025\/06\/hoyo19-768x1024.jpeg 768w, https:\/\/puertoaventuras.com\/wp-content\/uploads\/2025\/06\/hoyo19-225x300.jpeg 225w, https:\/\/puertoaventuras.com\/wp-content\/uploads\/2025\/06\/hoyo19-1152x1536.jpeg 1152w, https:\/\/puertoaventuras.com\/wp-content\/uploads\/2025\/06\/hoyo19-9x12.jpeg 9w, https:\/\/puertoaventuras.com\/wp-content\/uploads\/2025\/06\/hoyo19.jpeg 1200w\" sizes=\"(max-width: 768px) 100vw, 768px\" \/>\t\t\t\t\t\t\t\t\t\t\t\t\t\t\t<\/div>\n\t\t\t\t<\/div>\n\t\t\t\t<div class=\"elementor-element elementor-element-b78e773 habtn elementor-widget elementor-widget-button\" data-id=\"b78e773\" data-element_type=\"widget\" data-e-type=\"widget\" data-widget_type=\"button.default\">\n\t\t\t\t<div class=\"elementor-widget-container\">\n\t\t\t\t\t\t\t\t\t<div class=\"elementor-button-wrapper\">\n\t\t\t\t\t<a class=\"elementor-button elementor-button-link elementor-size-sm\" href=\"https:\/\/www.instagram.com\/hoyo19_puertoaventuras\">\n\t\t\t\t\t\t<span class=\"elementor-button-content-wrapper\">\n\t\t\t\t\t\t\t\t\t<span class=\"elementor-button-text\">Discover more here<\/span>\n\t\t\t\t\t<\/span>\n\t\t\t\t\t<\/a>\n\t\t\t\t<\/div>\n\t\t\t\t\t\t\t\t<\/div>\n\t\t\t\t<\/div>\n\t\t\t\t\t<\/div>\n\t\t<\/div>\n\t\t\t\t\t<\/div>\n\t\t<\/section>\n\t\t\t\t<\/div>","protected":false},"excerpt":{"rendered":"<p>&#8211; Golf Puerto Aventuras &#8211; \u00a1El lado divertido del juego! Ubicado dentro del exclusivo complejo residencial de Puerto Aventuras, Golf Park es una nueva forma de vivir el golf: accesible, relajado y divertido. Aqu\u00ed no necesitas ser experto para pasarla bien. Ya seas principiante, est\u00e9s practicando tu t\u00e9cnica o simplemente quieras pasar un buen rato [&hellip;]<\/p>\n","protected":false},"author":1,"featured_media":4143,"parent":0,"menu_order":0,"comment_status":"closed","ping_status":"closed","template":"elementor_header_footer","meta":{"footnotes":""},"class_list":["post-10249","page","type-page","status-publish","has-post-thumbnail","hentry"],"yoast_head":"<!-- This site is optimized with the Yoast SEO plugin v27.4 - https:\/\/yoast.com\/product\/yoast-seo-wordpress\/ -->\n<title>Golf Park - Puerto Aventuras<\/title>\n<meta name=\"description\" content=\"Golf &amp; Tenis en Puerto Aventuras, disfruta de todas las actividades que capital de la vida n\u00e1utica en la Riviera Maya tiene para vos.\" \/>\n<meta name=\"robots\" content=\"index, follow, max-snippet:-1, max-image-preview:large, max-video-preview:-1\" \/>\n<link rel=\"canonical\" href=\"https:\/\/puertoaventuras.com\/en\/golf-park\/\" \/>\n<meta property=\"og:locale\" content=\"en_US\" \/>\n<meta property=\"og:type\" content=\"article\" \/>\n<meta property=\"og:title\" content=\"Golf Park - Puerto Aventuras\" \/>\n<meta property=\"og:description\" content=\"Golf &amp; Tenis en Puerto Aventuras, disfruta de todas las actividades que capital de la vida n\u00e1utica en la Riviera Maya tiene para vos.\" \/>\n<meta property=\"og:url\" content=\"https:\/\/puertoaventuras.com\/en\/golf-park\/\" \/>\n<meta property=\"og:site_name\" content=\"Puerto Aventuras\" \/>\n<meta property=\"article:modified_time\" content=\"2025-07-08T14:23:11+00:00\" \/>\n<meta property=\"og:image\" content=\"https:\/\/puertoaventuras.com\/wp-content\/uploads\/2021\/08\/Carrousel-Golf-2.jpg\" \/>\n\t<meta property=\"og:image:width\" content=\"590\" \/>\n\t<meta property=\"og:image:height\" content=\"395\" \/>\n\t<meta property=\"og:image:type\" content=\"image\/jpeg\" \/>\n<meta name=\"twitter:card\" content=\"summary_large_image\" \/>\n<meta name=\"twitter:label1\" content=\"Est. reading time\" \/>\n\t<meta name=\"twitter:data1\" content=\"2 minutes\" \/>\n<script type=\"application\/ld+json\" class=\"yoast-schema-graph\">{\"@context\":\"https:\\\/\\\/schema.org\",\"@graph\":[{\"@type\":\"WebPage\",\"@id\":\"https:\\\/\\\/puertoaventuras.com\\\/golf-park\\\/\",\"url\":\"https:\\\/\\\/puertoaventuras.com\\\/golf-park\\\/\",\"name\":\"Golf Park - Puerto Aventuras\",\"isPartOf\":{\"@id\":\"https:\\\/\\\/puertoaventuras.com\\\/#website\"},\"primaryImageOfPage\":{\"@id\":\"https:\\\/\\\/puertoaventuras.com\\\/golf-park\\\/#primaryimage\"},\"image\":{\"@id\":\"https:\\\/\\\/puertoaventuras.com\\\/golf-park\\\/#primaryimage\"},\"thumbnailUrl\":\"https:\\\/\\\/puertoaventuras.com\\\/wp-content\\\/uploads\\\/2021\\\/08\\\/Carrousel-Golf-2.jpg\",\"datePublished\":\"2025-06-26T21:32:13+00:00\",\"dateModified\":\"2025-07-08T14:23:11+00:00\",\"description\":\"Golf & Tenis en Puerto Aventuras, disfruta de todas las actividades que capital de la vida n\u00e1utica en la Riviera Maya tiene para vos.\",\"breadcrumb\":{\"@id\":\"https:\\\/\\\/puertoaventuras.com\\\/golf-park\\\/#breadcrumb\"},\"inLanguage\":\"en-US\",\"potentialAction\":[{\"@type\":\"ReadAction\",\"target\":[\"https:\\\/\\\/puertoaventuras.com\\\/golf-park\\\/\"]}]},{\"@type\":\"ImageObject\",\"inLanguage\":\"en-US\",\"@id\":\"https:\\\/\\\/puertoaventuras.com\\\/golf-park\\\/#primaryimage\",\"url\":\"https:\\\/\\\/puertoaventuras.com\\\/wp-content\\\/uploads\\\/2021\\\/08\\\/Carrousel-Golf-2.jpg\",\"contentUrl\":\"https:\\\/\\\/puertoaventuras.com\\\/wp-content\\\/uploads\\\/2021\\\/08\\\/Carrousel-Golf-2.jpg\",\"width\":590,\"height\":395,\"caption\":\"gampo de golf riviera maya\"},{\"@type\":\"BreadcrumbList\",\"@id\":\"https:\\\/\\\/puertoaventuras.com\\\/golf-park\\\/#breadcrumb\",\"itemListElement\":[{\"@type\":\"ListItem\",\"position\":1,\"name\":\"Portada\",\"item\":\"https:\\\/\\\/puertoaventuras.com\\\/\"},{\"@type\":\"ListItem\",\"position\":2,\"name\":\"Golf Park\"}]},{\"@type\":\"WebSite\",\"@id\":\"https:\\\/\\\/puertoaventuras.com\\\/#website\",\"url\":\"https:\\\/\\\/puertoaventuras.com\\\/\",\"name\":\"Puerto Aventuras\",\"description\":\"\u00a1Bienvenidos a Puerto Aventuras! entre Playa del Carmen y Tul\u00fam, con m\u00e1gicas vistas al Mar caribe, hermosas playas de arena blanca y aguas cristalinas.\",\"potentialAction\":[{\"@type\":\"SearchAction\",\"target\":{\"@type\":\"EntryPoint\",\"urlTemplate\":\"https:\\\/\\\/puertoaventuras.com\\\/?s={search_term_string}\"},\"query-input\":{\"@type\":\"PropertyValueSpecification\",\"valueRequired\":true,\"valueName\":\"search_term_string\"}}],\"inLanguage\":\"en-US\"}]}<\/script>\n<!-- \/ Yoast SEO plugin. -->","yoast_head_json":{"title":"Golf Park - Puerto Aventuras","description":"Golf & Tenis en Puerto Aventuras, disfruta de todas las actividades que capital de la vida n\u00e1utica en la Riviera Maya tiene para vos.","robots":{"index":"index","follow":"follow","max-snippet":"max-snippet:-1","max-image-preview":"max-image-preview:large","max-video-preview":"max-video-preview:-1"},"canonical":"https:\/\/puertoaventuras.com\/en\/golf-park\/","og_locale":"en_US","og_type":"article","og_title":"Golf Park - Puerto Aventuras","og_description":"Golf & Tenis en Puerto Aventuras, disfruta de todas las actividades que capital de la vida n\u00e1utica en la Riviera Maya tiene para vos.","og_url":"https:\/\/puertoaventuras.com\/en\/golf-park\/","og_site_name":"Puerto Aventuras","article_modified_time":"2025-07-08T14:23:11+00:00","og_image":[{"width":590,"height":395,"url":"https:\/\/puertoaventuras.com\/wp-content\/uploads\/2021\/08\/Carrousel-Golf-2.jpg","type":"image\/jpeg"}],"twitter_card":"summary_large_image","twitter_misc":{"Est. reading time":"2 minutes"},"schema":{"@context":"https:\/\/schema.org","@graph":[{"@type":"WebPage","@id":"https:\/\/puertoaventuras.com\/golf-park\/","url":"https:\/\/puertoaventuras.com\/golf-park\/","name":"Golf Park - Puerto Aventuras","isPartOf":{"@id":"https:\/\/puertoaventuras.com\/#website"},"primaryImageOfPage":{"@id":"https:\/\/puertoaventuras.com\/golf-park\/#primaryimage"},"image":{"@id":"https:\/\/puertoaventuras.com\/golf-park\/#primaryimage"},"thumbnailUrl":"https:\/\/puertoaventuras.com\/wp-content\/uploads\/2021\/08\/Carrousel-Golf-2.jpg","datePublished":"2025-06-26T21:32:13+00:00","dateModified":"2025-07-08T14:23:11+00:00","description":"Golf & Tenis en Puerto Aventuras, disfruta de todas las actividades que capital de la vida n\u00e1utica en la Riviera Maya tiene para vos.","breadcrumb":{"@id":"https:\/\/puertoaventuras.com\/golf-park\/#breadcrumb"},"inLanguage":"en-US","potentialAction":[{"@type":"ReadAction","target":["https:\/\/puertoaventuras.com\/golf-park\/"]}]},{"@type":"ImageObject","inLanguage":"en-US","@id":"https:\/\/puertoaventuras.com\/golf-park\/#primaryimage","url":"https:\/\/puertoaventuras.com\/wp-content\/uploads\/2021\/08\/Carrousel-Golf-2.jpg","contentUrl":"https:\/\/puertoaventuras.com\/wp-content\/uploads\/2021\/08\/Carrousel-Golf-2.jpg","width":590,"height":395,"caption":"gampo de golf riviera maya"},{"@type":"BreadcrumbList","@id":"https:\/\/puertoaventuras.com\/golf-park\/#breadcrumb","itemListElement":[{"@type":"ListItem","position":1,"name":"Portada","item":"https:\/\/puertoaventuras.com\/"},{"@type":"ListItem","position":2,"name":"Golf Park"}]},{"@type":"WebSite","@id":"https:\/\/puertoaventuras.com\/#website","url":"https:\/\/puertoaventuras.com\/","name":"Puerto Aventuras","description":"\u00a1Bienvenidos a Puerto Aventuras! entre Playa del Carmen y Tul\u00fam, con m\u00e1gicas vistas al Mar caribe, hermosas playas de arena blanca y aguas cristalinas.","potentialAction":[{"@type":"SearchAction","target":{"@type":"EntryPoint","urlTemplate":"https:\/\/puertoaventuras.com\/?s={search_term_string}"},"query-input":{"@type":"PropertyValueSpecification","valueRequired":true,"valueName":"search_term_string"}}],"inLanguage":"en-US"}]}},"_links":{"self":[{"href":"https:\/\/puertoaventuras.com\/en\/wp-json\/wp\/v2\/pages\/10249","targetHints":{"allow":["GET"]}}],"collection":[{"href":"https:\/\/puertoaventuras.com\/en\/wp-json\/wp\/v2\/pages"}],"about":[{"href":"https:\/\/puertoaventuras.com\/en\/wp-json\/wp\/v2\/types\/page"}],"author":[{"embeddable":true,"href":"https:\/\/puertoaventuras.com\/en\/wp-json\/wp\/v2\/users\/1"}],"replies":[{"embeddable":true,"href":"https:\/\/puertoaventuras.com\/en\/wp-json\/wp\/v2\/comments?post=10249"}],"version-history":[{"count":89,"href":"https:\/\/puertoaventuras.com\/en\/wp-json\/wp\/v2\/pages\/10249\/revisions"}],"predecessor-version":[{"id":10666,"href":"https:\/\/puertoaventuras.com\/en\/wp-json\/wp\/v2\/pages\/10249\/revisions\/10666"}],"wp:featuredmedia":[{"embeddable":true,"href":"https:\/\/puertoaventuras.com\/en\/wp-json\/wp\/v2\/media\/4143"}],"wp:attachment":[{"href":"https:\/\/puertoaventuras.com\/en\/wp-json\/wp\/v2\/media?parent=10249"}],"curies":[{"name":"wp","href":"https:\/\/api.w.org\/{rel}","templated":true}]}}