{"id":9793,"date":"2025-06-03T03:19:48","date_gmt":"2025-06-03T08:19:48","guid":{"rendered":"https:\/\/puertoaventuras.com\/?page_id=9793"},"modified":"2026-02-24T08:00:25","modified_gmt":"2026-02-24T13:00:25","slug":"foot-golf","status":"publish","type":"page","link":"https:\/\/puertoaventuras.com\/en\/foot-golf\/","title":{"rendered":"Foot Golf"},"content":{"rendered":"<!-- Added by Post\/Page Specific Custom Code plugin, thank you for using! -->\n<style>select {\r\n   border-color: #0b205f;\r\nfont-size: 14px;\r\n    border-style: solid;\r\n    display: block;\r\n    width: 100%;\r\n    border-width: 2px;\r\n    padding: 0.57rem 1.4rem;\r\n    background-color: transparent;\r\n    border-radius: 0px !important;\r\n}<\/style>\n\t\t<div data-elementor-type=\"wp-post\" data-elementor-id=\"9793\" class=\"elementor elementor-9793\" data-elementor-settings=\"{&quot;ha_cmc_init_switcher&quot;:&quot;no&quot;}\" data-elementor-post-type=\"page\">\n\t\t\t\t\t\t<section class=\"elementor-section elementor-top-section elementor-element elementor-element-efb68db elementor-section-height-min-height elementor-section-content-middle elementor-section-full_width elementor-section-stretched elementor-section-height-default elementor-section-items-middle\" data-id=\"efb68db\" data-element_type=\"section\" data-e-type=\"section\" data-settings=\"{&quot;background_background&quot;:&quot;classic&quot;,&quot;stretch_section&quot;:&quot;section-stretched&quot;,&quot;_ha_eqh_enable&quot;:false}\">\n\t\t\t\t\t\t\t<div class=\"elementor-background-overlay\"><\/div>\n\t\t\t\t\t\t\t<div class=\"elementor-container elementor-column-gap-default\">\n\t\t\t\t\t<div class=\"elementor-column elementor-col-100 elementor-top-column elementor-element elementor-element-efb25b7\" data-id=\"efb25b7\" data-element_type=\"column\" data-e-type=\"column\">\n\t\t\t<div class=\"elementor-widget-wrap elementor-element-populated\">\n\t\t\t\t\t\t<div class=\"elementor-element elementor-element-40a1eb1 elementor-widget elementor-widget-heading\" data-id=\"40a1eb1\" data-element_type=\"widget\" data-e-type=\"widget\" data-widget_type=\"heading.default\">\n\t\t\t\t<div class=\"elementor-widget-container\">\n\t\t\t\t\t<h1 class=\"elementor-heading-title elementor-size-default\">- FOOTGOLF AT PUERTO AVENTURAS -<\/h1>\t\t\t\t<\/div>\n\t\t\t\t<\/div>\n\t\t\t\t<div class=\"elementor-element elementor-element-17b4b99 elementor-widget elementor-widget-heading\" data-id=\"17b4b99\" data-element_type=\"widget\" data-e-type=\"widget\" data-widget_type=\"heading.default\">\n\t\t\t\t<div class=\"elementor-widget-container\">\n\t\t\t\t\t<h5 class=\"elementor-heading-title elementor-size-default\">Fun and precision with every kick!<\/h5>\t\t\t\t<\/div>\n\t\t\t\t<\/div>\n\t\t\t\t<div class=\"elementor-element elementor-element-17ea1c4 elementor-align-center elementor-widget elementor-widget-button\" data-id=\"17ea1c4\" data-element_type=\"widget\" data-e-type=\"widget\" id=\"btnreservatenispadel\" data-widget_type=\"button.default\">\n\t\t\t\t<div class=\"elementor-widget-container\">\n\t\t\t\t\t\t\t\t\t<div class=\"elementor-button-wrapper\">\n\t\t\t\t\t<a class=\"elementor-button elementor-button-link elementor-size-sm\" href=\"https:\/\/eu.golfmanager.com\/puertoaventuras\" id=\"reservatucancha\">\n\t\t\t\t\t\t<span class=\"elementor-button-content-wrapper\">\n\t\t\t\t\t\t\t\t\t<span class=\"elementor-button-text\">BOOK YOUR TEE TIME<\/span>\n\t\t\t\t\t<\/span>\n\t\t\t\t\t<\/a>\n\t\t\t\t<\/div>\n\t\t\t\t\t\t\t\t<\/div>\n\t\t\t\t<\/div>\n\t\t\t\t<section class=\"elementor-section elementor-inner-section elementor-element elementor-element-398b944 elementor-section-boxed elementor-section-height-default elementor-section-height-default\" data-id=\"398b944\" data-element_type=\"section\" data-e-type=\"section\" id=\"logosinterna\" data-settings=\"{&quot;_ha_eqh_enable&quot;:false}\">\n\t\t\t\t\t\t<div class=\"elementor-container elementor-column-gap-default\">\n\t\t\t\t\t<div class=\"elementor-column elementor-col-33 elementor-inner-column elementor-element elementor-element-f069f3d\" data-id=\"f069f3d\" data-element_type=\"column\" data-e-type=\"column\" id=\"pauno\">\n\t\t\t<div class=\"elementor-widget-wrap elementor-element-populated\">\n\t\t\t\t\t\t<div class=\"elementor-element elementor-element-e7f8d7e elementor-widget elementor-widget-image\" data-id=\"e7f8d7e\" data-element_type=\"widget\" data-e-type=\"widget\" data-widget_type=\"image.default\">\n\t\t\t\t<div class=\"elementor-widget-container\">\n\t\t\t\t\t\t\t\t\t\t\t\t\t\t\t<img decoding=\"async\" src=\"https:\/\/puertoaventuras.com\/wp-content\/uploads\/2025\/06\/golf-r1.png\" title=\"golf-r1\" alt=\"golf-r1\" loading=\"lazy\" \/>\t\t\t\t\t\t\t\t\t\t\t\t\t\t\t<\/div>\n\t\t\t\t<\/div>\n\t\t\t\t\t<\/div>\n\t\t<\/div>\n\t\t\t\t<div class=\"elementor-column elementor-col-33 elementor-inner-column elementor-element elementor-element-8c22875\" data-id=\"8c22875\" data-element_type=\"column\" data-e-type=\"column\">\n\t\t\t<div class=\"elementor-widget-wrap elementor-element-populated\">\n\t\t\t\t\t\t<div class=\"elementor-element elementor-element-35a131f elementor-widget elementor-widget-image\" data-id=\"35a131f\" data-element_type=\"widget\" data-e-type=\"widget\" data-widget_type=\"image.default\">\n\t\t\t\t<div class=\"elementor-widget-container\">\n\t\t\t\t\t\t\t\t\t\t\t\t\t\t\t<img decoding=\"async\" src=\"https:\/\/puertoaventuras.com\/wp-content\/uploads\/2025\/06\/foot-m.png\" title=\"foot-m\" alt=\"foot-m\" loading=\"lazy\" \/>\t\t\t\t\t\t\t\t\t\t\t\t\t\t\t<\/div>\n\t\t\t\t<\/div>\n\t\t\t\t\t<\/div>\n\t\t<\/div>\n\t\t\t\t<div class=\"elementor-column elementor-col-33 elementor-inner-column elementor-element elementor-element-55997c2\" data-id=\"55997c2\" data-element_type=\"column\" data-e-type=\"column\">\n\t\t\t<div class=\"elementor-widget-wrap elementor-element-populated\">\n\t\t\t\t\t\t<div class=\"elementor-element elementor-element-9f850b4 elementor-widget elementor-widget-image\" data-id=\"9f850b4\" data-element_type=\"widget\" data-e-type=\"widget\" data-widget_type=\"image.default\">\n\t\t\t\t<div class=\"elementor-widget-container\">\n\t\t\t\t\t\t\t\t\t\t\t\t\t\t\t<img decoding=\"async\" src=\"https:\/\/puertoaventuras.com\/wp-content\/uploads\/2025\/06\/fmg.png\" title=\"fmg\" alt=\"fmg\" loading=\"lazy\" \/>\t\t\t\t\t\t\t\t\t\t\t\t\t\t\t<\/div>\n\t\t\t\t<\/div>\n\t\t\t\t\t<\/div>\n\t\t<\/div>\n\t\t\t\t\t<\/div>\n\t\t<\/section>\n\t\t\t\t\t<\/div>\n\t\t<\/div>\n\t\t\t\t\t<\/div>\n\t\t<\/section>\n\t\t\t\t<div class=\"elementor-section elementor-top-section elementor-element elementor-element-79e62a90 elementor-section-stretched elementor-section-full_width elementor-reverse-mobile elementor-section-height-default elementor-section-height-default\" data-id=\"79e62a90\" data-element_type=\"section\" data-e-type=\"section\" data-settings=\"{&quot;stretch_section&quot;:&quot;section-stretched&quot;,&quot;background_background&quot;:&quot;classic&quot;,&quot;_ha_eqh_enable&quot;:false}\">\n\t\t\t\t\t\t<div class=\"elementor-container elementor-column-gap-no\">\n\t\t\t\t\t<div class=\"elementor-column elementor-col-50 elementor-top-column elementor-element elementor-element-43dbb218 animated-fast elementor-invisible\" data-id=\"43dbb218\" data-element_type=\"column\" data-e-type=\"column\" data-settings=\"{&quot;background_background&quot;:&quot;classic&quot;,&quot;animation&quot;:&quot;opal-move-right&quot;,&quot;animation_delay&quot;:100}\">\n\t\t\t<div class=\"elementor-widget-wrap elementor-element-populated\">\n\t\t\t\t\t<div class=\"elementor-background-overlay\"><\/div>\n\t\t\t\t\t\t<div class=\"elementor-element elementor-element-b86dce3 elementor-widget elementor-widget-image-carousel\" data-id=\"b86dce3\" data-element_type=\"widget\" data-e-type=\"widget\" data-settings=\"{&quot;slides_to_show&quot;:&quot;1&quot;,&quot;autoplay_speed&quot;:3000,&quot;navigation&quot;:&quot;none&quot;,&quot;autoplay&quot;:&quot;yes&quot;,&quot;pause_on_hover&quot;:&quot;yes&quot;,&quot;pause_on_interaction&quot;:&quot;yes&quot;,&quot;infinite&quot;:&quot;yes&quot;,&quot;effect&quot;:&quot;slide&quot;,&quot;speed&quot;:500}\" data-widget_type=\"image-carousel.default\">\n\t\t\t\t<div class=\"elementor-widget-container\">\n\t\t\t\t\t\t\t<div class=\"elementor-image-carousel-wrapper swiper\" role=\"region\" aria-roledescription=\"carousel\" aria-label=\"Carrusel de Im\u00e1genes\" dir=\"ltr\">\n\t\t\t<div class=\"elementor-image-carousel swiper-wrapper swiper-image-stretch\" aria-live=\"off\">\n\t\t\t\t\t\t\t\t<div class=\"swiper-slide\" role=\"group\" aria-roledescription=\"slide\" aria-label=\"1 of 1\"><figure class=\"swiper-slide-inner\"><img decoding=\"async\" class=\"swiper-slide-image\" src=\"https:\/\/puertoaventuras.com\/wp-content\/uploads\/2025\/06\/footgolfb.jpeg\" alt=\"footgolfb\" \/><\/figure><\/div>\t\t\t<\/div>\n\t\t\t\t\t<\/div>\n\t\t\t\t\t\t<\/div>\n\t\t\t\t<\/div>\n\t\t\t\t\t<\/div>\n\t\t<\/div>\n\t\t\t\t<div class=\"elementor-column elementor-col-50 elementor-top-column elementor-element elementor-element-4e90df0b animated-fast elementor-invisible\" data-id=\"4e90df0b\" data-element_type=\"column\" data-e-type=\"column\" data-settings=\"{&quot;animation&quot;:&quot;opal-move-up&quot;,&quot;background_background&quot;:&quot;classic&quot;}\">\n\t\t\t<div class=\"elementor-widget-wrap elementor-element-populated\">\n\t\t\t\t\t\t<div class=\"elementor-element elementor-element-37b7f063 elementor-widget elementor-widget-heading\" data-id=\"37b7f063\" data-element_type=\"widget\" data-e-type=\"widget\" data-widget_type=\"heading.default\">\n\t\t\t\t<div class=\"elementor-widget-container\">\n\t\t\t\t\t<h2 class=\"elementor-heading-title elementor-size-default\">What is FootGolf?<\/h2>\t\t\t\t<\/div>\n\t\t\t\t<\/div>\n\t\t\t\t<div class=\"elementor-element elementor-element-7f3bf6f7 elementor-widget elementor-widget-text-editor\" data-id=\"7f3bf6f7\" data-element_type=\"widget\" data-e-type=\"widget\" data-widget_type=\"text-editor.default\">\n\t\t\t\t<div class=\"elementor-widget-container\">\n\t\t\t\t\t\t\t\t\t<p><span style=\"font-weight: 400;\">FootGolf is a unique sport that blends the excitement of soccer with the strategy of golf. The goal: kick a soccer ball into a special oversized cup using as few shots as possible, following golf rules.<\/span><\/p><p class=\"translation-block\"><span style=\"font-weight: 400\">At Puerto Aventuras, we offer the <strong> only lighted FootGolf course in the Riviera Maya<\/strong>, perfect for playing in the late afternoon or under the stars with friends, family, or during tournaments.<br><\/span><\/p><p><span style=\"font-weight: 400;\">Never played before? No worries! You don't need any prior experience\u2014just the will to have fun outdoors.<br \/><\/span><\/p>\t\t\t\t\t\t\t\t<\/div>\n\t\t\t\t<\/div>\n\t\t\t\t<div class=\"elementor-element elementor-element-22445d0 elementor-align-center teetimebtn elementor-widget elementor-widget-button\" data-id=\"22445d0\" data-element_type=\"widget\" data-e-type=\"widget\" data-widget_type=\"button.default\">\n\t\t\t\t<div class=\"elementor-widget-container\">\n\t\t\t\t\t\t\t\t\t<div class=\"elementor-button-wrapper\">\n\t\t\t\t\t<a class=\"elementor-button elementor-button-link elementor-size-sm\" href=\"https:\/\/puertoaventuras.com\/wp-content\/uploads\/2025\/06\/tarifasfootgolf.jpeg\" id=\"tarifagolfacademy\">\n\t\t\t\t\t\t<span class=\"elementor-button-content-wrapper\">\n\t\t\t\t\t\t\t\t\t<span class=\"elementor-button-text\">CHECK RATES<\/span>\n\t\t\t\t\t<\/span>\n\t\t\t\t\t<\/a>\n\t\t\t\t<\/div>\n\t\t\t\t\t\t\t\t<\/div>\n\t\t\t\t<\/div>\n\t\t\t\t\t<\/div>\n\t\t<\/div>\n\t\t\t\t\t<\/div>\n\t\t<\/div>\n\t\t\t\t<section class=\"elementor-section elementor-top-section elementor-element elementor-element-d967fb4 elementor-section-boxed elementor-section-height-default elementor-section-height-default\" data-id=\"d967fb4\" data-element_type=\"section\" data-e-type=\"section\" data-settings=\"{&quot;_ha_eqh_enable&quot;:false}\">\n\t\t\t\t\t\t<div class=\"elementor-container elementor-column-gap-default\">\n\t\t\t\t\t<div class=\"elementor-column elementor-col-66 elementor-top-column elementor-element elementor-element-58d7d5a\" data-id=\"58d7d5a\" data-element_type=\"column\" data-e-type=\"column\">\n\t\t\t<div class=\"elementor-widget-wrap elementor-element-populated\">\n\t\t\t\t\t\t<div class=\"elementor-element elementor-element-78fc4b8 elementor-widget elementor-widget-heading\" data-id=\"78fc4b8\" data-element_type=\"widget\" data-e-type=\"widget\" data-widget_type=\"heading.default\">\n\t\t\t\t<div class=\"elementor-widget-container\">\n\t\t\t\t\t<h2 class=\"elementor-heading-title elementor-size-default\">FootGolf in Puerto Aventuras: fun for everyone, day or night!<\/h2>\t\t\t\t<\/div>\n\t\t\t\t<\/div>\n\t\t\t\t<div class=\"elementor-element elementor-element-4f4f9a0 elementor-widget elementor-widget-text-editor\" data-id=\"4f4f9a0\" data-element_type=\"widget\" data-e-type=\"widget\" data-widget_type=\"text-editor.default\">\n\t\t\t\t<div class=\"elementor-widget-container\">\n\t\t\t\t\t\t\t\t\t<p>Descubre el primer campo de <strong>footgolf<\/strong> iluminado de la Riviera Maya, ubicado dentro del exclusivo <strong>Golf Park<\/strong> de Puerto Aventuras. Un espacio \u00fanico donde el deporte y la diversi\u00f3n se combinan al aire libre, rodeado de naturaleza y con todas las comodidades para pasar un momento inolvidable.<\/p><p>Bring the whole family, gather your friends, or celebrate birthdays and special events in a space designed for all ages. Too hot during the day? No worries! Thanks to our top-tier lighting, you can play in the evening or at night when the temperature is cooler and the vibe is just right.<\/p><p>Whether you're looking for friendly competition, family bonding, or just a break from routine, footgolf in Puerto Aventuras is the perfect way to enjoy the moment.<\/p>\t\t\t\t\t\t\t\t<\/div>\n\t\t\t\t<\/div>\n\t\t\t\t<div class=\"elementor-element elementor-element-717d707 elementor-align-center teetimebtn elementor-widget elementor-widget-button\" data-id=\"717d707\" data-element_type=\"widget\" data-e-type=\"widget\" data-widget_type=\"button.default\">\n\t\t\t\t<div class=\"elementor-widget-container\">\n\t\t\t\t\t\t\t\t\t<div class=\"elementor-button-wrapper\">\n\t\t\t\t\t<a class=\"elementor-button elementor-button-link elementor-size-sm\" href=\"https:\/\/puertoaventuras.com\/wp-content\/uploads\/2025\/07\/reglas.jpeg\" id=\"verreglas\">\n\t\t\t\t\t\t<span class=\"elementor-button-content-wrapper\">\n\t\t\t\t\t\t\t\t\t<span class=\"elementor-button-text\">See rules<\/span>\n\t\t\t\t\t<\/span>\n\t\t\t\t\t<\/a>\n\t\t\t\t<\/div>\n\t\t\t\t\t\t\t\t<\/div>\n\t\t\t\t<\/div>\n\t\t\t\t\t<\/div>\n\t\t<\/div>\n\t\t\t\t<div class=\"elementor-column elementor-col-33 elementor-top-column elementor-element elementor-element-eb541d5\" data-id=\"eb541d5\" data-element_type=\"column\" data-e-type=\"column\">\n\t\t\t<div class=\"elementor-widget-wrap elementor-element-populated\">\n\t\t\t\t\t\t<div class=\"elementor-element elementor-element-3ebab9a elementor-widget__width-initial elementor-widget elementor-widget-video\" data-id=\"3ebab9a\" data-element_type=\"widget\" data-e-type=\"widget\" data-settings=\"{&quot;youtube_url&quot;:&quot;https:\\\/\\\/www.youtube.com\\\/shorts\\\/CzpKBU8jl5o&quot;,&quot;loop&quot;:&quot;yes&quot;,&quot;video_type&quot;:&quot;youtube&quot;,&quot;controls&quot;:&quot;yes&quot;}\" data-widget_type=\"video.default\">\n\t\t\t\t<div class=\"elementor-widget-container\">\n\t\t\t\t\t\t\t<div class=\"elementor-wrapper elementor-open-inline\">\n\t\t\t<div class=\"elementor-video\"><\/div>\t\t<\/div>\n\t\t\t\t\t\t<\/div>\n\t\t\t\t<\/div>\n\t\t\t\t\t<\/div>\n\t\t<\/div>\n\t\t\t\t\t<\/div>\n\t\t<\/section>\n\t\t\t\t<\/div>","protected":false},"excerpt":{"rendered":"<p>&#8211; FOOT GOLF EN PUERTO AVENTURAS &#8211; \u00a1Juega en el \u00fanico campo iluminado de FootGolf de la Riviera Maya! RESERVA TU TEE TIME \u00bfQu\u00e9 es el Foot Golf? El Foot Golf combina lo mejor del f\u00fatbol y del golf en una experiencia \u00fanica, divertida y para todas las edades. El objetivo: patear un bal\u00f3n de [&hellip;]<\/p>\n","protected":false},"author":1,"featured_media":4143,"parent":0,"menu_order":0,"comment_status":"closed","ping_status":"closed","template":"elementor_header_footer","meta":{"footnotes":""},"class_list":["post-9793","page","type-page","status-publish","has-post-thumbnail","hentry"],"yoast_head":"<!-- This site is optimized with the Yoast SEO plugin v27.5 - https:\/\/yoast.com\/product\/yoast-seo-wordpress\/ -->\n<title>Foot Golf - Puerto Aventuras<\/title>\n<meta name=\"description\" content=\"Golf &amp; Tenis en Puerto Aventuras, disfruta de todas las actividades que capital de la vida n\u00e1utica en la Riviera Maya tiene para vos.\" \/>\n<meta name=\"robots\" content=\"index, follow, max-snippet:-1, max-image-preview:large, max-video-preview:-1\" \/>\n<link rel=\"canonical\" href=\"https:\/\/puertoaventuras.com\/en\/foot-golf\/\" \/>\n<meta property=\"og:locale\" content=\"en_US\" \/>\n<meta property=\"og:type\" content=\"article\" \/>\n<meta property=\"og:title\" content=\"Foot Golf - Puerto Aventuras\" \/>\n<meta property=\"og:description\" content=\"Golf &amp; Tenis en Puerto Aventuras, disfruta de todas las actividades que capital de la vida n\u00e1utica en la Riviera Maya tiene para vos.\" \/>\n<meta property=\"og:url\" content=\"https:\/\/puertoaventuras.com\/en\/foot-golf\/\" \/>\n<meta property=\"og:site_name\" content=\"Puerto Aventuras\" \/>\n<meta property=\"article:modified_time\" content=\"2026-02-24T13:00:25+00:00\" \/>\n<meta property=\"og:image\" content=\"https:\/\/puertoaventuras.com\/wp-content\/uploads\/2021\/08\/Carrousel-Golf-2.jpg\" \/>\n\t<meta property=\"og:image:width\" content=\"590\" \/>\n\t<meta property=\"og:image:height\" content=\"395\" \/>\n\t<meta property=\"og:image:type\" content=\"image\/jpeg\" \/>\n<meta name=\"twitter:card\" content=\"summary_large_image\" \/>\n<meta name=\"twitter:label1\" content=\"Est. reading time\" \/>\n\t<meta name=\"twitter:data1\" content=\"2 minutes\" \/>\n<script type=\"application\/ld+json\" class=\"yoast-schema-graph\">{\"@context\":\"https:\\\/\\\/schema.org\",\"@graph\":[{\"@type\":\"WebPage\",\"@id\":\"https:\\\/\\\/puertoaventuras.com\\\/foot-golf\\\/\",\"url\":\"https:\\\/\\\/puertoaventuras.com\\\/foot-golf\\\/\",\"name\":\"Foot Golf - Puerto Aventuras\",\"isPartOf\":{\"@id\":\"https:\\\/\\\/puertoaventuras.com\\\/#website\"},\"primaryImageOfPage\":{\"@id\":\"https:\\\/\\\/puertoaventuras.com\\\/foot-golf\\\/#primaryimage\"},\"image\":{\"@id\":\"https:\\\/\\\/puertoaventuras.com\\\/foot-golf\\\/#primaryimage\"},\"thumbnailUrl\":\"https:\\\/\\\/puertoaventuras.com\\\/wp-content\\\/uploads\\\/2021\\\/08\\\/Carrousel-Golf-2.jpg\",\"datePublished\":\"2025-06-03T08:19:48+00:00\",\"dateModified\":\"2026-02-24T13:00:25+00:00\",\"description\":\"Golf & Tenis en Puerto Aventuras, disfruta de todas las actividades que capital de la vida n\u00e1utica en la Riviera Maya tiene para vos.\",\"breadcrumb\":{\"@id\":\"https:\\\/\\\/puertoaventuras.com\\\/foot-golf\\\/#breadcrumb\"},\"inLanguage\":\"en-US\",\"potentialAction\":[{\"@type\":\"ReadAction\",\"target\":[\"https:\\\/\\\/puertoaventuras.com\\\/foot-golf\\\/\"]}]},{\"@type\":\"ImageObject\",\"inLanguage\":\"en-US\",\"@id\":\"https:\\\/\\\/puertoaventuras.com\\\/foot-golf\\\/#primaryimage\",\"url\":\"https:\\\/\\\/puertoaventuras.com\\\/wp-content\\\/uploads\\\/2021\\\/08\\\/Carrousel-Golf-2.jpg\",\"contentUrl\":\"https:\\\/\\\/puertoaventuras.com\\\/wp-content\\\/uploads\\\/2021\\\/08\\\/Carrousel-Golf-2.jpg\",\"width\":590,\"height\":395,\"caption\":\"gampo de golf riviera maya\"},{\"@type\":\"BreadcrumbList\",\"@id\":\"https:\\\/\\\/puertoaventuras.com\\\/foot-golf\\\/#breadcrumb\",\"itemListElement\":[{\"@type\":\"ListItem\",\"position\":1,\"name\":\"Portada\",\"item\":\"https:\\\/\\\/puertoaventuras.com\\\/\"},{\"@type\":\"ListItem\",\"position\":2,\"name\":\"Foot Golf\"}]},{\"@type\":\"WebSite\",\"@id\":\"https:\\\/\\\/puertoaventuras.com\\\/#website\",\"url\":\"https:\\\/\\\/puertoaventuras.com\\\/\",\"name\":\"Puerto Aventuras\",\"description\":\"\u00a1Bienvenidos a Puerto Aventuras! entre Playa del Carmen y Tul\u00fam, con m\u00e1gicas vistas al Mar caribe, hermosas playas de arena blanca y aguas cristalinas.\",\"potentialAction\":[{\"@type\":\"SearchAction\",\"target\":{\"@type\":\"EntryPoint\",\"urlTemplate\":\"https:\\\/\\\/puertoaventuras.com\\\/?s={search_term_string}\"},\"query-input\":{\"@type\":\"PropertyValueSpecification\",\"valueRequired\":true,\"valueName\":\"search_term_string\"}}],\"inLanguage\":\"en-US\"}]}<\/script>\n<!-- \/ Yoast SEO plugin. -->","yoast_head_json":{"title":"Foot Golf - Puerto Aventuras","description":"Golf & Tenis en Puerto Aventuras, disfruta de todas las actividades que capital de la vida n\u00e1utica en la Riviera Maya tiene para vos.","robots":{"index":"index","follow":"follow","max-snippet":"max-snippet:-1","max-image-preview":"max-image-preview:large","max-video-preview":"max-video-preview:-1"},"canonical":"https:\/\/puertoaventuras.com\/en\/foot-golf\/","og_locale":"en_US","og_type":"article","og_title":"Foot Golf - Puerto Aventuras","og_description":"Golf & Tenis en Puerto Aventuras, disfruta de todas las actividades que capital de la vida n\u00e1utica en la Riviera Maya tiene para vos.","og_url":"https:\/\/puertoaventuras.com\/en\/foot-golf\/","og_site_name":"Puerto Aventuras","article_modified_time":"2026-02-24T13:00:25+00:00","og_image":[{"width":590,"height":395,"url":"https:\/\/puertoaventuras.com\/wp-content\/uploads\/2021\/08\/Carrousel-Golf-2.jpg","type":"image\/jpeg"}],"twitter_card":"summary_large_image","twitter_misc":{"Est. reading time":"2 minutes"},"schema":{"@context":"https:\/\/schema.org","@graph":[{"@type":"WebPage","@id":"https:\/\/puertoaventuras.com\/foot-golf\/","url":"https:\/\/puertoaventuras.com\/foot-golf\/","name":"Foot Golf - Puerto Aventuras","isPartOf":{"@id":"https:\/\/puertoaventuras.com\/#website"},"primaryImageOfPage":{"@id":"https:\/\/puertoaventuras.com\/foot-golf\/#primaryimage"},"image":{"@id":"https:\/\/puertoaventuras.com\/foot-golf\/#primaryimage"},"thumbnailUrl":"https:\/\/puertoaventuras.com\/wp-content\/uploads\/2021\/08\/Carrousel-Golf-2.jpg","datePublished":"2025-06-03T08:19:48+00:00","dateModified":"2026-02-24T13:00:25+00:00","description":"Golf & Tenis en Puerto Aventuras, disfruta de todas las actividades que capital de la vida n\u00e1utica en la Riviera Maya tiene para vos.","breadcrumb":{"@id":"https:\/\/puertoaventuras.com\/foot-golf\/#breadcrumb"},"inLanguage":"en-US","potentialAction":[{"@type":"ReadAction","target":["https:\/\/puertoaventuras.com\/foot-golf\/"]}]},{"@type":"ImageObject","inLanguage":"en-US","@id":"https:\/\/puertoaventuras.com\/foot-golf\/#primaryimage","url":"https:\/\/puertoaventuras.com\/wp-content\/uploads\/2021\/08\/Carrousel-Golf-2.jpg","contentUrl":"https:\/\/puertoaventuras.com\/wp-content\/uploads\/2021\/08\/Carrousel-Golf-2.jpg","width":590,"height":395,"caption":"gampo de golf riviera maya"},{"@type":"BreadcrumbList","@id":"https:\/\/puertoaventuras.com\/foot-golf\/#breadcrumb","itemListElement":[{"@type":"ListItem","position":1,"name":"Portada","item":"https:\/\/puertoaventuras.com\/"},{"@type":"ListItem","position":2,"name":"Foot Golf"}]},{"@type":"WebSite","@id":"https:\/\/puertoaventuras.com\/#website","url":"https:\/\/puertoaventuras.com\/","name":"Puerto Aventuras","description":"\u00a1Bienvenidos a Puerto Aventuras! entre Playa del Carmen y Tul\u00fam, con m\u00e1gicas vistas al Mar caribe, hermosas playas de arena blanca y aguas cristalinas.","potentialAction":[{"@type":"SearchAction","target":{"@type":"EntryPoint","urlTemplate":"https:\/\/puertoaventuras.com\/?s={search_term_string}"},"query-input":{"@type":"PropertyValueSpecification","valueRequired":true,"valueName":"search_term_string"}}],"inLanguage":"en-US"}]}},"_links":{"self":[{"href":"https:\/\/puertoaventuras.com\/en\/wp-json\/wp\/v2\/pages\/9793","targetHints":{"allow":["GET"]}}],"collection":[{"href":"https:\/\/puertoaventuras.com\/en\/wp-json\/wp\/v2\/pages"}],"about":[{"href":"https:\/\/puertoaventuras.com\/en\/wp-json\/wp\/v2\/types\/page"}],"author":[{"embeddable":true,"href":"https:\/\/puertoaventuras.com\/en\/wp-json\/wp\/v2\/users\/1"}],"replies":[{"embeddable":true,"href":"https:\/\/puertoaventuras.com\/en\/wp-json\/wp\/v2\/comments?post=9793"}],"version-history":[{"count":262,"href":"https:\/\/puertoaventuras.com\/en\/wp-json\/wp\/v2\/pages\/9793\/revisions"}],"predecessor-version":[{"id":11094,"href":"https:\/\/puertoaventuras.com\/en\/wp-json\/wp\/v2\/pages\/9793\/revisions\/11094"}],"wp:featuredmedia":[{"embeddable":true,"href":"https:\/\/puertoaventuras.com\/en\/wp-json\/wp\/v2\/media\/4143"}],"wp:attachment":[{"href":"https:\/\/puertoaventuras.com\/en\/wp-json\/wp\/v2\/media?parent=9793"}],"curies":[{"name":"wp","href":"https:\/\/api.w.org\/{rel}","templated":true}]}}